{"id":59,"date":"2018-08-13T15:49:26","date_gmt":"2018-08-13T13:49:26","guid":{"rendered":"https:\/\/www.mekongeyes.com\/de\/?page_id=59"},"modified":"2023-08-21T13:03:40","modified_gmt":"2023-08-21T11:03:40","slug":"saigon-nach-phu-quoc","status":"publish","type":"page","link":"https:\/\/www.mekongeyes.com\/de\/touren\/saigon-nach-phu-quoc\/","title":{"rendered":"Saigon nach Phu Quoc"},"content":{"rendered":"\t\t<div data-elementor-type=\"wp-page\" data-elementor-id=\"59\" class=\"elementor elementor-59\" data-elementor-post-type=\"page\">\n\t\t\t\t\t\t<section class=\"elementor-section elementor-top-section elementor-element elementor-element-699c834 elementor-section-boxed elementor-section-height-default elementor-section-height-default\" data-id=\"699c834\" data-element_type=\"section\" data-e-type=\"section\">\n\t\t\t\t\t\t<div class=\"elementor-container elementor-column-gap-default\">\n\t\t\t\t\t<div class=\"elementor-column elementor-col-100 elementor-top-column elementor-element elementor-element-69ae424\" data-id=\"69ae424\" data-element_type=\"column\" data-e-type=\"column\">\n\t\t\t<div class=\"elementor-widget-wrap elementor-element-populated\">\n\t\t\t\t\t\t<div class=\"elementor-element elementor-element-9fcf12d elementor-widget elementor-widget-text-editor\" data-id=\"9fcf12d\" data-element_type=\"widget\" data-e-type=\"widget\" data-widget_type=\"text-editor.default\">\n\t\t\t\t<div class=\"elementor-widget-container\">\n\t\t\t\t\t\t\t\t\t<p>Sie planen einen Aufenthalt auf der Ferieninsel Phu Quoc? Der sch\u00f6nste Weg dorthin f\u00fchrt Sie durch das Mekong-Delta. Wir haben einige Tourenvorschl\u00e4ge, die Sie von Saigon nach Phu Quoc bringen.<\/p><p>Auf dem Weg erkunden Sie die Weiten der eindrucksvollen Mekong-Flusslandschaft an Bord von einem unserer Boutique-Schiffe. Dann geht es entweder von Can Tho aus weiter nach Phu Quoc mit dem Flugzeug oder auf dem Landweg nach Rach Gia und von dort mit der F\u00e4hre weiter auf die Urlaubsinsel.<\/p><p>Gerne organisieren wir auch Touren von Phu Quoc nach Saigon, melden Sie sich gerne f\u00fcr weitere Informationen.\u00a0<\/p>\t\t\t\t\t\t\t\t<\/div>\n\t\t\t\t<\/div>\n\t\t\t\t<div class=\"elementor-element elementor-element-b64030f elementor-widget elementor-widget-heading\" data-id=\"b64030f\" data-element_type=\"widget\" data-e-type=\"widget\" data-widget_type=\"heading.default\">\n\t\t\t\t<div class=\"elementor-widget-container\">\n\t\t\t\t\t<h2 class=\"elementor-heading-title elementor-size-default\">Wie viele Tage wollen Sie unterwegs sein?<\/h2>\t\t\t\t<\/div>\n\t\t\t\t<\/div>\n\t\t\t\t<section class=\"elementor-section elementor-inner-section elementor-element elementor-element-6570f55 tour_teaser elementor-section-boxed elementor-section-height-default elementor-section-height-default\" data-id=\"6570f55\" data-element_type=\"section\" data-e-type=\"section\" data-settings=\"{&quot;background_background&quot;:&quot;classic&quot;}\">\n\t\t\t\t\t\t<div class=\"elementor-container elementor-column-gap-no\">\n\t\t\t\t\t<div class=\"elementor-column elementor-col-50 elementor-inner-column elementor-element elementor-element-c64ea1e\" data-id=\"c64ea1e\" data-element_type=\"column\" data-e-type=\"column\" data-settings=\"{&quot;background_background&quot;:&quot;classic&quot;}\">\n\t\t\t<div class=\"elementor-widget-wrap elementor-element-populated\">\n\t\t\t\t\t\t<div class=\"elementor-element elementor-element-8dd7690 elementor-widget elementor-widget-spacer\" data-id=\"8dd7690\" data-element_type=\"widget\" data-e-type=\"widget\" data-widget_type=\"spacer.default\">\n\t\t\t\t<div class=\"elementor-widget-container\">\n\t\t\t\t\t\t\t<div class=\"elementor-spacer\">\n\t\t\t<div class=\"elementor-spacer-inner\"><\/div>\n\t\t<\/div>\n\t\t\t\t\t\t<\/div>\n\t\t\t\t<\/div>\n\t\t\t\t\t<\/div>\n\t\t<\/div>\n\t\t\t\t<div class=\"elementor-column elementor-col-50 elementor-inner-column elementor-element elementor-element-af8dbfa\" data-id=\"af8dbfa\" data-element_type=\"column\" data-e-type=\"column\">\n\t\t\t<div class=\"elementor-widget-wrap elementor-element-populated\">\n\t\t\t\t\t\t<div class=\"elementor-element elementor-element-9c9d73e elementor-widget elementor-widget-text-editor\" data-id=\"9c9d73e\" data-element_type=\"widget\" data-e-type=\"widget\" data-widget_type=\"text-editor.default\">\n\t\t\t\t<div class=\"elementor-widget-container\">\n\t\t\t\t\t\t\t\t\t<h3>2-t\u00e4gige Tour nach Phu Quoc\u00a0<\/h3><div><div>Ein entspannter Transfer nach Phu Noch mit einer kurzen Exkursion ins magische Mekong Delta. Genie\u00dfen Sie einen entspannten Nachmittag und Abend auf einem unserer Boutique-Boote mit spannenden Einblicken in die Szenerie des Mekong Delta. Nach einer Nacht an Bord und einem Besuch des schwimmenden Marktes in Cai Rang geht es weiter nach Phu Quoc.<\/div><\/div><div>\u00a0<\/div><div>Ab <b>USD 317 <\/b>p.P.<\/div>\t\t\t\t\t\t\t\t<\/div>\n\t\t\t\t<\/div>\n\t\t\t\t<div class=\"elementor-element elementor-element-19ee611 elementor-align-left inline_button red elementor-widget__width-auto elementor-widget elementor-widget-button\" data-id=\"19ee611\" data-element_type=\"widget\" data-e-type=\"widget\" data-widget_type=\"button.default\">\n\t\t\t\t<div class=\"elementor-widget-container\">\n\t\t\t\t\t\t\t\t\t<div class=\"elementor-button-wrapper\">\n\t\t\t\t\t<a class=\"elementor-button elementor-button-link elementor-size-xs elementor-animation-grow\" href=\"https:\/\/www.mekongeyes.com\/de\/touren\/saigon-nach-phu-quoc\/2-tages-tour-saigon-nach-phu-quoc\">\n\t\t\t\t\t\t<span class=\"elementor-button-content-wrapper\">\n\t\t\t\t\t\t<span class=\"elementor-button-icon\">\n\t\t\t\t<i aria-hidden=\"true\" class=\"fal fa-file-image\"><\/i>\t\t\t<\/span>\n\t\t\t\t\t\t\t\t\t<span class=\"elementor-button-text\">Tourdetails<\/span>\n\t\t\t\t\t<\/span>\n\t\t\t\t\t<\/a>\n\t\t\t\t<\/div>\n\t\t\t\t\t\t\t\t<\/div>\n\t\t\t\t<\/div>\n\t\t\t\t<div class=\"elementor-element elementor-element-1120048 elementor-align-left inline_button red elementor-widget__width-auto elementor-widget elementor-widget-button\" data-id=\"1120048\" data-element_type=\"widget\" data-e-type=\"widget\" data-widget_type=\"button.default\">\n\t\t\t\t<div class=\"elementor-widget-container\">\n\t\t\t\t\t\t\t\t\t<div class=\"elementor-button-wrapper\">\n\t\t\t\t\t<a class=\"elementor-button elementor-button-link elementor-size-xs elementor-animation-grow\" href=\"#\">\n\t\t\t\t\t\t<span class=\"elementor-button-content-wrapper\">\n\t\t\t\t\t\t<span class=\"elementor-button-icon\">\n\t\t\t\t<i aria-hidden=\"true\" class=\"fal fa-calendar-alt\"><\/i>\t\t\t<\/span>\n\t\t\t\t\t\t\t\t\t<span class=\"elementor-button-text\">Termine<\/span>\n\t\t\t\t\t<\/span>\n\t\t\t\t\t<\/a>\n\t\t\t\t<\/div>\n\t\t\t\t\t\t\t\t<\/div>\n\t\t\t\t<\/div>\n\t\t\t\t\t<\/div>\n\t\t<\/div>\n\t\t\t\t\t<\/div>\n\t\t<\/section>\n\t\t\t\t<section class=\"elementor-section elementor-inner-section elementor-element elementor-element-fb54589 tour_teaser elementor-section-boxed elementor-section-height-default elementor-section-height-default\" data-id=\"fb54589\" data-element_type=\"section\" data-e-type=\"section\" data-settings=\"{&quot;background_background&quot;:&quot;classic&quot;}\">\n\t\t\t\t\t\t<div class=\"elementor-container elementor-column-gap-no\">\n\t\t\t\t\t<div class=\"elementor-column elementor-col-50 elementor-inner-column elementor-element elementor-element-dc42d56\" data-id=\"dc42d56\" data-element_type=\"column\" data-e-type=\"column\" data-settings=\"{&quot;background_background&quot;:&quot;classic&quot;}\">\n\t\t\t<div class=\"elementor-widget-wrap elementor-element-populated\">\n\t\t\t\t\t\t<div class=\"elementor-element elementor-element-239f5c6 elementor-widget elementor-widget-spacer\" data-id=\"239f5c6\" data-element_type=\"widget\" data-e-type=\"widget\" data-widget_type=\"spacer.default\">\n\t\t\t\t<div class=\"elementor-widget-container\">\n\t\t\t\t\t\t\t<div class=\"elementor-spacer\">\n\t\t\t<div class=\"elementor-spacer-inner\"><\/div>\n\t\t<\/div>\n\t\t\t\t\t\t<\/div>\n\t\t\t\t<\/div>\n\t\t\t\t\t<\/div>\n\t\t<\/div>\n\t\t\t\t<div class=\"elementor-column elementor-col-50 elementor-inner-column elementor-element elementor-element-b329a5c\" data-id=\"b329a5c\" data-element_type=\"column\" data-e-type=\"column\">\n\t\t\t<div class=\"elementor-widget-wrap elementor-element-populated\">\n\t\t\t\t\t\t<div class=\"elementor-element elementor-element-da8d82c elementor-widget elementor-widget-text-editor\" data-id=\"da8d82c\" data-element_type=\"widget\" data-e-type=\"widget\" data-widget_type=\"text-editor.default\">\n\t\t\t\t<div class=\"elementor-widget-container\">\n\t\t\t\t\t\t\t\t\t<h3>3-Tages-Tour nach Phu Quoc<\/h3><div>Auf dieser Tour vereinigen sich die Kontraste des gesch\u00e4ftigen Mekong-Deltas und der Ruhe auf Phu Quoc. Machen Sie einen Abstecher zu D\u00f6rfern, Feldern und schwimmenden M\u00e4rkten. Genie\u00dfen Sie die Flusskreuzfahrt.<\/div><div>\u00a0<\/div><div>Ab<b> USD 448 <\/b>p.P.<\/div>\t\t\t\t\t\t\t\t<\/div>\n\t\t\t\t<\/div>\n\t\t\t\t<div class=\"elementor-element elementor-element-3ae413f elementor-align-left inline_button red elementor-widget__width-auto elementor-widget elementor-widget-button\" data-id=\"3ae413f\" data-element_type=\"widget\" data-e-type=\"widget\" data-widget_type=\"button.default\">\n\t\t\t\t<div class=\"elementor-widget-container\">\n\t\t\t\t\t\t\t\t\t<div class=\"elementor-button-wrapper\">\n\t\t\t\t\t<a class=\"elementor-button elementor-button-link elementor-size-xs elementor-animation-grow\" href=\"https:\/\/www.mekongeyes.com\/de\/touren\/saigon-nach-phu-quoc\/3-tages-tour-saigon-nach-phu-quoc\/\">\n\t\t\t\t\t\t<span class=\"elementor-button-content-wrapper\">\n\t\t\t\t\t\t<span class=\"elementor-button-icon\">\n\t\t\t\t<i aria-hidden=\"true\" class=\"fal fa-file-image\"><\/i>\t\t\t<\/span>\n\t\t\t\t\t\t\t\t\t<span class=\"elementor-button-text\">Tourdetails<\/span>\n\t\t\t\t\t<\/span>\n\t\t\t\t\t<\/a>\n\t\t\t\t<\/div>\n\t\t\t\t\t\t\t\t<\/div>\n\t\t\t\t<\/div>\n\t\t\t\t<div class=\"elementor-element elementor-element-796daa0 elementor-align-left inline_button red elementor-widget__width-auto elementor-widget elementor-widget-button\" data-id=\"796daa0\" data-element_type=\"widget\" data-e-type=\"widget\" data-widget_type=\"button.default\">\n\t\t\t\t<div class=\"elementor-widget-container\">\n\t\t\t\t\t\t\t\t\t<div class=\"elementor-button-wrapper\">\n\t\t\t\t\t<a class=\"elementor-button elementor-button-link elementor-size-xs elementor-animation-grow\" href=\"#\">\n\t\t\t\t\t\t<span class=\"elementor-button-content-wrapper\">\n\t\t\t\t\t\t<span class=\"elementor-button-icon\">\n\t\t\t\t<i aria-hidden=\"true\" class=\"fal fa-calendar-alt\"><\/i>\t\t\t<\/span>\n\t\t\t\t\t\t\t\t\t<span class=\"elementor-button-text\">Termine<\/span>\n\t\t\t\t\t<\/span>\n\t\t\t\t\t<\/a>\n\t\t\t\t<\/div>\n\t\t\t\t\t\t\t\t<\/div>\n\t\t\t\t<\/div>\n\t\t\t\t\t<\/div>\n\t\t<\/div>\n\t\t\t\t\t<\/div>\n\t\t<\/section>\n\t\t\t\t\t<\/div>\n\t\t<\/div>\n\t\t\t\t\t<\/div>\n\t\t<\/section>\n\t\t\t\t<\/div>\n\t\t","protected":false},"excerpt":{"rendered":"<p>Sie planen einen Aufenthalt auf der Ferieninsel Phu Quoc? Der sch\u00f6nste Weg dorthin f\u00fchrt Sie durch das Mekong-Delta. Wir haben einige Tourenvorschl\u00e4ge, die Sie von Saigon nach Phu Quoc bringen. Auf dem Weg erkunden Sie die Weiten der eindrucksvollen Mekong-Flusslandschaft an Bord von einem unserer Boutique-Schiffe. Dann geht es entweder von Can Tho aus weiter &#8230; <a title=\"Saigon nach Phu Quoc\" class=\"read-more\" href=\"https:\/\/www.mekongeyes.com\/de\/touren\/saigon-nach-phu-quoc\/\" aria-label=\"Mehr Informationen \u00fcber Saigon nach Phu Quoc\">Weiterlesen<\/a><\/p>\n","protected":false},"author":1,"featured_media":60,"parent":421,"menu_order":25,"comment_status":"closed","ping_status":"closed","template":"","meta":{"_acf_changed":false,"footnotes":""},"class_list":["post-59","page","type-page","status-publish","has-post-thumbnail"],"acf":[],"_links":{"self":[{"href":"https:\/\/www.mekongeyes.com\/de\/wp-json\/wp\/v2\/pages\/59","targetHints":{"allow":["GET"]}}],"collection":[{"href":"https:\/\/www.mekongeyes.com\/de\/wp-json\/wp\/v2\/pages"}],"about":[{"href":"https:\/\/www.mekongeyes.com\/de\/wp-json\/wp\/v2\/types\/page"}],"author":[{"embeddable":true,"href":"https:\/\/www.mekongeyes.com\/de\/wp-json\/wp\/v2\/users\/1"}],"replies":[{"embeddable":true,"href":"https:\/\/www.mekongeyes.com\/de\/wp-json\/wp\/v2\/comments?post=59"}],"version-history":[{"count":52,"href":"https:\/\/www.mekongeyes.com\/de\/wp-json\/wp\/v2\/pages\/59\/revisions"}],"predecessor-version":[{"id":4978,"href":"https:\/\/www.mekongeyes.com\/de\/wp-json\/wp\/v2\/pages\/59\/revisions\/4978"}],"up":[{"embeddable":true,"href":"https:\/\/www.mekongeyes.com\/de\/wp-json\/wp\/v2\/pages\/421"}],"wp:featuredmedia":[{"embeddable":true,"href":"https:\/\/www.mekongeyes.com\/de\/wp-json\/wp\/v2\/media\/60"}],"wp:attachment":[{"href":"https:\/\/www.mekongeyes.com\/de\/wp-json\/wp\/v2\/media?parent=59"}],"curies":[{"name":"wp","href":"https:\/\/api.w.org\/{rel}","templated":true}]}}