{"id":56,"date":"2018-08-13T15:46:04","date_gmt":"2018-08-13T13:46:04","guid":{"rendered":"https:\/\/www.mekongeyes.com\/de\/?page_id=56"},"modified":"2023-07-24T12:00:29","modified_gmt":"2023-07-24T10:00:29","slug":"saigon-rundtouren","status":"publish","type":"page","link":"https:\/\/www.mekongeyes.com\/de\/touren\/saigon-rundtouren\/","title":{"rendered":"Mekong-Rundtouren ab\/bis Saigon"},"content":{"rendered":"\t\t<div data-elementor-type=\"wp-page\" data-elementor-id=\"56\" class=\"elementor elementor-56\" data-elementor-post-type=\"page\">\n\t\t\t\t\t\t<section class=\"elementor-section elementor-top-section elementor-element elementor-element-7366cb6 elementor-section-boxed elementor-section-height-default elementor-section-height-default\" data-id=\"7366cb6\" data-element_type=\"section\" data-e-type=\"section\">\n\t\t\t\t\t\t<div class=\"elementor-container elementor-column-gap-default\">\n\t\t\t\t\t<div class=\"elementor-column elementor-col-100 elementor-top-column elementor-element elementor-element-8a11ea4\" data-id=\"8a11ea4\" data-element_type=\"column\" data-e-type=\"column\">\n\t\t\t<div class=\"elementor-widget-wrap elementor-element-populated\">\n\t\t\t\t\t\t<div class=\"elementor-element elementor-element-d3aa2e4 elementor-widget elementor-widget-text-editor\" data-id=\"d3aa2e4\" data-element_type=\"widget\" data-e-type=\"widget\" data-widget_type=\"text-editor.default\">\n\t\t\t\t<div class=\"elementor-widget-container\">\n\t\t\t\t\t\t\t\t\t<p>Erkunden Sie das Mekong-Delta und seine magischen Kulturlandschaften mit unseren 2- und 3-Tagestouren, die in Saigon bzw. Can Tho starten und enden.<\/p>\t\t\t\t\t\t\t\t<\/div>\n\t\t\t\t<\/div>\n\t\t\t\t<div class=\"elementor-element elementor-element-8c40fbb elementor-widget elementor-widget-heading\" data-id=\"8c40fbb\" data-element_type=\"widget\" data-e-type=\"widget\" data-widget_type=\"heading.default\">\n\t\t\t\t<div class=\"elementor-widget-container\">\n\t\t\t\t\t<h2 class=\"elementor-heading-title elementor-size-default\">Unsere Touren<\/h2>\t\t\t\t<\/div>\n\t\t\t\t<\/div>\n\t\t\t\t<section class=\"elementor-section elementor-inner-section elementor-element elementor-element-7cbe6df tour_teaser elementor-section-boxed elementor-section-height-default elementor-section-height-default\" data-id=\"7cbe6df\" data-element_type=\"section\" data-e-type=\"section\" data-settings=\"{&quot;background_background&quot;:&quot;classic&quot;}\">\n\t\t\t\t\t\t<div class=\"elementor-container elementor-column-gap-no\">\n\t\t\t\t\t<div class=\"elementor-column elementor-col-50 elementor-inner-column elementor-element elementor-element-0c2d7d5\" data-id=\"0c2d7d5\" data-element_type=\"column\" data-e-type=\"column\" data-settings=\"{&quot;background_background&quot;:&quot;classic&quot;}\">\n\t\t\t<div class=\"elementor-widget-wrap elementor-element-populated\">\n\t\t\t\t\t\t<div class=\"elementor-element elementor-element-a1e9678 elementor-widget elementor-widget-spacer\" data-id=\"a1e9678\" data-element_type=\"widget\" data-e-type=\"widget\" data-widget_type=\"spacer.default\">\n\t\t\t\t<div class=\"elementor-widget-container\">\n\t\t\t\t\t\t\t<div class=\"elementor-spacer\">\n\t\t\t<div class=\"elementor-spacer-inner\"><\/div>\n\t\t<\/div>\n\t\t\t\t\t\t<\/div>\n\t\t\t\t<\/div>\n\t\t\t\t\t<\/div>\n\t\t<\/div>\n\t\t\t\t<div class=\"elementor-column elementor-col-50 elementor-inner-column elementor-element elementor-element-09dea90\" data-id=\"09dea90\" data-element_type=\"column\" data-e-type=\"column\">\n\t\t\t<div class=\"elementor-widget-wrap elementor-element-populated\">\n\t\t\t\t\t\t<div class=\"elementor-element elementor-element-23119be elementor-widget elementor-widget-text-editor\" data-id=\"23119be\" data-element_type=\"widget\" data-e-type=\"widget\" data-widget_type=\"text-editor.default\">\n\t\t\t\t<div class=\"elementor-widget-container\">\n\t\t\t\t\t\t\t\t\t<h3>2-t\u00e4gige Mekong-Delta-Rundtour von Saigon<\/h3><div><div>Erleben Sie die magischen Wasserwelten des Mekong-Deltas auf einer Rundtour von Saigon.<\/div><div>Highlights: \u00a0Panorama-Kreuzfahrt in den kleinen Kan\u00e4len und Flussl\u00e4ufen des Deltas mit kurzen Land-Exkursionen in kleine D\u00f6rfer, Obstg\u00e4rten und Reisfelder und lokale M\u00e4rkte.\u00a0<\/div><\/div><div>\u00a0<\/div><div>Ab <b>USD 230 <\/b>p.P.<\/div>\t\t\t\t\t\t\t\t<\/div>\n\t\t\t\t<\/div>\n\t\t\t\t<div class=\"elementor-element elementor-element-59466bf elementor-align-left inline_button red elementor-widget__width-auto elementor-widget elementor-widget-button\" data-id=\"59466bf\" data-element_type=\"widget\" data-e-type=\"widget\" data-widget_type=\"button.default\">\n\t\t\t\t<div class=\"elementor-widget-container\">\n\t\t\t\t\t\t\t\t\t<div class=\"elementor-button-wrapper\">\n\t\t\t\t\t<a class=\"elementor-button elementor-button-link elementor-size-xs elementor-animation-grow\" href=\"https:\/\/www.mekongeyes.com\/de\/touren\/saigon-rundtouren\/2-tage-mekong-delta-tour-von-saigon\/\">\n\t\t\t\t\t\t<span class=\"elementor-button-content-wrapper\">\n\t\t\t\t\t\t<span class=\"elementor-button-icon\">\n\t\t\t\t<i aria-hidden=\"true\" class=\"fal fa-file-image\"><\/i>\t\t\t<\/span>\n\t\t\t\t\t\t\t\t\t<span class=\"elementor-button-text\">Tourdetails<\/span>\n\t\t\t\t\t<\/span>\n\t\t\t\t\t<\/a>\n\t\t\t\t<\/div>\n\t\t\t\t\t\t\t\t<\/div>\n\t\t\t\t<\/div>\n\t\t\t\t<div class=\"elementor-element elementor-element-1995167 elementor-align-left inline_button red elementor-widget__width-auto elementor-widget elementor-widget-button\" data-id=\"1995167\" data-element_type=\"widget\" data-e-type=\"widget\" data-widget_type=\"button.default\">\n\t\t\t\t<div class=\"elementor-widget-container\">\n\t\t\t\t\t\t\t\t\t<div class=\"elementor-button-wrapper\">\n\t\t\t\t\t<a class=\"elementor-button elementor-button-link elementor-size-xs elementor-animation-grow\" href=\"#\">\n\t\t\t\t\t\t<span class=\"elementor-button-content-wrapper\">\n\t\t\t\t\t\t<span class=\"elementor-button-icon\">\n\t\t\t\t<i aria-hidden=\"true\" class=\"fal fa-calendar-alt\"><\/i>\t\t\t<\/span>\n\t\t\t\t\t\t\t\t\t<span class=\"elementor-button-text\">Termine<\/span>\n\t\t\t\t\t<\/span>\n\t\t\t\t\t<\/a>\n\t\t\t\t<\/div>\n\t\t\t\t\t\t\t\t<\/div>\n\t\t\t\t<\/div>\n\t\t\t\t\t<\/div>\n\t\t<\/div>\n\t\t\t\t\t<\/div>\n\t\t<\/section>\n\t\t\t\t<section class=\"elementor-section elementor-inner-section elementor-element elementor-element-1a57410 tour_teaser elementor-section-boxed elementor-section-height-default elementor-section-height-default\" data-id=\"1a57410\" data-element_type=\"section\" data-e-type=\"section\" data-settings=\"{&quot;background_background&quot;:&quot;classic&quot;}\">\n\t\t\t\t\t\t<div class=\"elementor-container elementor-column-gap-no\">\n\t\t\t\t\t<div class=\"elementor-column elementor-col-50 elementor-inner-column elementor-element elementor-element-495e436\" data-id=\"495e436\" data-element_type=\"column\" data-e-type=\"column\" data-settings=\"{&quot;background_background&quot;:&quot;classic&quot;}\">\n\t\t\t<div class=\"elementor-widget-wrap elementor-element-populated\">\n\t\t\t\t\t\t<div class=\"elementor-element elementor-element-7b8750a elementor-widget elementor-widget-spacer\" data-id=\"7b8750a\" data-element_type=\"widget\" data-e-type=\"widget\" data-widget_type=\"spacer.default\">\n\t\t\t\t<div class=\"elementor-widget-container\">\n\t\t\t\t\t\t\t<div class=\"elementor-spacer\">\n\t\t\t<div class=\"elementor-spacer-inner\"><\/div>\n\t\t<\/div>\n\t\t\t\t\t\t<\/div>\n\t\t\t\t<\/div>\n\t\t\t\t\t<\/div>\n\t\t<\/div>\n\t\t\t\t<div class=\"elementor-column elementor-col-50 elementor-inner-column elementor-element elementor-element-6b61fd3\" data-id=\"6b61fd3\" data-element_type=\"column\" data-e-type=\"column\">\n\t\t\t<div class=\"elementor-widget-wrap elementor-element-populated\">\n\t\t\t\t\t\t<div class=\"elementor-element elementor-element-89d7740 elementor-widget elementor-widget-text-editor\" data-id=\"89d7740\" data-element_type=\"widget\" data-e-type=\"widget\" data-widget_type=\"text-editor.default\">\n\t\t\t\t<div class=\"elementor-widget-container\">\n\t\t\t\t\t\t\t\t\t<h3>3-t\u00e4gige Mekong-Delta- Rundtour von Saigon<\/h3><div>Auf dieser 3-t\u00e4gigen Tour erkunden Sie das farbenfrohe Leben am Fluss auf Ihrem gem\u00fctliche Boutique-Kreuzfahrtschiff. Entdecken Sie das l\u00e4ndliche Leben in den D\u00f6rfern und Plantagen bei Exkursionen an Land und besuchen Sie einen der ber\u00fchmten schwimmenden M\u00e4rkte.\u00a0<\/div><div>\u00a0<\/div><div>Ab<b> USD 356 <\/b>p.P.<\/div>\t\t\t\t\t\t\t\t<\/div>\n\t\t\t\t<\/div>\n\t\t\t\t<div class=\"elementor-element elementor-element-4d6e74d elementor-align-left inline_button red elementor-widget__width-auto elementor-widget elementor-widget-button\" data-id=\"4d6e74d\" data-element_type=\"widget\" data-e-type=\"widget\" data-widget_type=\"button.default\">\n\t\t\t\t<div class=\"elementor-widget-container\">\n\t\t\t\t\t\t\t\t\t<div class=\"elementor-button-wrapper\">\n\t\t\t\t\t<a class=\"elementor-button elementor-button-link elementor-size-xs elementor-animation-grow\" href=\"https:\/\/www.mekongeyes.com\/de\/touren\/saigon-rundtouren\/3-tage-mekong-delta-tour-von-saigon\/\">\n\t\t\t\t\t\t<span class=\"elementor-button-content-wrapper\">\n\t\t\t\t\t\t<span class=\"elementor-button-icon\">\n\t\t\t\t<i aria-hidden=\"true\" class=\"fal fa-file-image\"><\/i>\t\t\t<\/span>\n\t\t\t\t\t\t\t\t\t<span class=\"elementor-button-text\">Tourdetails<\/span>\n\t\t\t\t\t<\/span>\n\t\t\t\t\t<\/a>\n\t\t\t\t<\/div>\n\t\t\t\t\t\t\t\t<\/div>\n\t\t\t\t<\/div>\n\t\t\t\t<div class=\"elementor-element elementor-element-fc80430 elementor-align-left inline_button red elementor-widget__width-auto elementor-widget elementor-widget-button\" data-id=\"fc80430\" data-element_type=\"widget\" data-e-type=\"widget\" data-widget_type=\"button.default\">\n\t\t\t\t<div class=\"elementor-widget-container\">\n\t\t\t\t\t\t\t\t\t<div class=\"elementor-button-wrapper\">\n\t\t\t\t\t<a class=\"elementor-button elementor-button-link elementor-size-xs elementor-animation-grow\" href=\"#\">\n\t\t\t\t\t\t<span class=\"elementor-button-content-wrapper\">\n\t\t\t\t\t\t<span class=\"elementor-button-icon\">\n\t\t\t\t<i aria-hidden=\"true\" class=\"fal fa-calendar-alt\"><\/i>\t\t\t<\/span>\n\t\t\t\t\t\t\t\t\t<span class=\"elementor-button-text\">Termine<\/span>\n\t\t\t\t\t<\/span>\n\t\t\t\t\t<\/a>\n\t\t\t\t<\/div>\n\t\t\t\t\t\t\t\t<\/div>\n\t\t\t\t<\/div>\n\t\t\t\t\t<\/div>\n\t\t<\/div>\n\t\t\t\t\t<\/div>\n\t\t<\/section>\n\t\t\t\t\t<\/div>\n\t\t<\/div>\n\t\t\t\t\t<\/div>\n\t\t<\/section>\n\t\t\t\t<\/div>\n\t\t","protected":false},"excerpt":{"rendered":"<p>Erkunden Sie das Mekong-Delta und seine magischen Kulturlandschaften mit unseren 2- und 3-Tagestouren, die in Saigon bzw. Can Tho starten und enden. Unsere Touren 2-t\u00e4gige Mekong-Delta-Rundtour von Saigon Erleben Sie die magischen Wasserwelten des Mekong-Deltas auf einer Rundtour von Saigon.Highlights: &nbsp;Panorama-Kreuzfahrt in den kleinen Kan\u00e4len und Flussl\u00e4ufen des Deltas mit kurzen Land-Exkursionen in kleine D\u00f6rfer, &#8230; <a title=\"Mekong-Rundtouren ab\/bis Saigon\" class=\"read-more\" href=\"https:\/\/www.mekongeyes.com\/de\/touren\/saigon-rundtouren\/\" aria-label=\"Mehr Informationen \u00fcber Mekong-Rundtouren ab\/bis Saigon\">Weiterlesen<\/a><\/p>\n","protected":false},"author":1,"featured_media":57,"parent":421,"menu_order":23,"comment_status":"closed","ping_status":"closed","template":"","meta":{"_acf_changed":false,"footnotes":""},"class_list":["post-56","page","type-page","status-publish","has-post-thumbnail"],"acf":[],"_links":{"self":[{"href":"https:\/\/www.mekongeyes.com\/de\/wp-json\/wp\/v2\/pages\/56","targetHints":{"allow":["GET"]}}],"collection":[{"href":"https:\/\/www.mekongeyes.com\/de\/wp-json\/wp\/v2\/pages"}],"about":[{"href":"https:\/\/www.mekongeyes.com\/de\/wp-json\/wp\/v2\/types\/page"}],"author":[{"embeddable":true,"href":"https:\/\/www.mekongeyes.com\/de\/wp-json\/wp\/v2\/users\/1"}],"replies":[{"embeddable":true,"href":"https:\/\/www.mekongeyes.com\/de\/wp-json\/wp\/v2\/comments?post=56"}],"version-history":[{"count":37,"href":"https:\/\/www.mekongeyes.com\/de\/wp-json\/wp\/v2\/pages\/56\/revisions"}],"predecessor-version":[{"id":4767,"href":"https:\/\/www.mekongeyes.com\/de\/wp-json\/wp\/v2\/pages\/56\/revisions\/4767"}],"up":[{"embeddable":true,"href":"https:\/\/www.mekongeyes.com\/de\/wp-json\/wp\/v2\/pages\/421"}],"wp:featuredmedia":[{"embeddable":true,"href":"https:\/\/www.mekongeyes.com\/de\/wp-json\/wp\/v2\/media\/57"}],"wp:attachment":[{"href":"https:\/\/www.mekongeyes.com\/de\/wp-json\/wp\/v2\/media?parent=56"}],"curies":[{"name":"wp","href":"https:\/\/api.w.org\/{rel}","templated":true}]}}