{"id":3970,"date":"2023-04-26T11:16:36","date_gmt":"2023-04-26T09:16:36","guid":{"rendered":"https:\/\/www.mekongeyes.com\/de\/?page_id=3970"},"modified":"2023-07-26T10:21:26","modified_gmt":"2023-07-26T08:21:26","slug":"phnom-penh-verlaengerung-hotel-und-staedtetour","status":"publish","type":"page","link":"https:\/\/www.mekongeyes.com\/de\/touren\/private-touren\/phnom-penh-verlaengerung-hotel-und-staedtetour\/","title":{"rendered":"Phnom Penh St\u00e4dtetouren und Hotels \u00a0"},"content":{"rendered":"\t\t<div data-elementor-type=\"wp-page\" data-elementor-id=\"3970\" class=\"elementor elementor-3970\" data-elementor-post-type=\"page\">\n\t\t\t\t\t\t<section class=\"elementor-section elementor-top-section elementor-element elementor-element-9872ffe elementor-section-boxed elementor-section-height-default elementor-section-height-default\" data-id=\"9872ffe\" data-element_type=\"section\" data-e-type=\"section\">\n\t\t\t\t\t\t<div class=\"elementor-container elementor-column-gap-no\">\n\t\t\t\t\t<div class=\"elementor-column elementor-col-100 elementor-top-column elementor-element elementor-element-c2e724c\" data-id=\"c2e724c\" data-element_type=\"column\" data-e-type=\"column\">\n\t\t\t<div class=\"elementor-widget-wrap elementor-element-populated\">\n\t\t\t\t\t\t<section class=\"elementor-section elementor-inner-section elementor-element elementor-element-1b970ba elementor-section-boxed elementor-section-height-default elementor-section-height-default\" data-id=\"1b970ba\" data-element_type=\"section\" data-e-type=\"section\">\n\t\t\t\t\t\t<div class=\"elementor-container elementor-column-gap-default\">\n\t\t\t\t\t<div class=\"elementor-column elementor-col-50 elementor-inner-column elementor-element elementor-element-ac9be5f\" data-id=\"ac9be5f\" data-element_type=\"column\" data-e-type=\"column\">\n\t\t\t<div class=\"elementor-widget-wrap elementor-element-populated\">\n\t\t\t\t\t\t<div class=\"elementor-element elementor-element-56a4ccb elementor-widget elementor-widget-text-editor\" data-id=\"56a4ccb\" data-element_type=\"widget\" data-e-type=\"widget\" data-widget_type=\"text-editor.default\">\n\t\t\t\t<div class=\"elementor-widget-container\">\n\t\t\t\t\t\t\t\t\t<p>Wir unterst\u00fctzen Sie gerne bei der Organisation Ihres Aufenthaltes in Phnom Penh \u2013 ob Hotel oder Stadtf\u00fchrungen<\/p><h4>Hotels in Phnom Penh<\/h4><p>In Phnom Penh gibt es eine gro\u00dfartige Auswahl an hervorragenden Hotels. Gerne beraten und unterst\u00fctzen Sie bei der Buchung Ihres Hotels in Phnom Penh.\u00a0<\/p><p>Einige Beispiele f\u00fcr Tages oder Halbtagestouren in Phnom Penh, die wir gerne individuell an Ihre Interessen anpassen:\u00a0<\/p><h4>Halbtagestour nach Tuol Sleng und zu den Killing Fields Choeung Ek\u00a0<\/h4><p>Ein dramatisches Kapitel der j\u00fcngeren Geschichte des Landes k\u00f6nnen Sie bei einem Besuch der Killing Fields und Toul Sleng besichtigen.<\/p><h4>Stadttour Phnom Penh<\/h4><p>Auf einer gef\u00fchrten Tour durch Phnom Penh erkunden Sie unter anderem den K\u00f6nigspalast, das Nationalmuseum und Wat Phnom.<\/p><p>Wenn Sie nur wenig Zeit haben, k\u00f6nnen wir auch beide halbt\u00e4gigen Touren zu einer Tagestour kombinieren.\u00a0<\/p><p>Haben Sie andere W\u00fcnsche? Wir passen das Programm gerne an Ihre Vorstellungen an. Sprechen Sie uns an.\u00a0<\/p><h3>Im Preis enthalten\u00a0<\/h3>\t\t\t\t\t\t\t\t<\/div>\n\t\t\t\t<\/div>\n\t\t\t\t<div class=\"elementor-element elementor-element-4ba3c89 elementor-icon-list--layout-traditional elementor-list-item-link-full_width elementor-widget elementor-widget-icon-list\" data-id=\"4ba3c89\" data-element_type=\"widget\" data-e-type=\"widget\" data-widget_type=\"icon-list.default\">\n\t\t\t\t<div class=\"elementor-widget-container\">\n\t\t\t\t\t\t\t<ul class=\"elementor-icon-list-items\">\n\t\t\t\t\t\t\t<li class=\"elementor-icon-list-item\">\n\t\t\t\t\t\t\t\t\t\t\t<span class=\"elementor-icon-list-icon\">\n\t\t\t\t\t\t\t<i aria-hidden=\"true\" class=\"fas fa-check-circle\"><\/i>\t\t\t\t\t\t<\/span>\n\t\t\t\t\t\t\t\t\t\t<span class=\"elementor-icon-list-text\">Besichtigungen wie aufgef\u00fchrt <\/span>\n\t\t\t\t\t\t\t\t\t<\/li>\n\t\t\t\t\t\t\t\t<li class=\"elementor-icon-list-item\">\n\t\t\t\t\t\t\t\t\t\t\t<span class=\"elementor-icon-list-icon\">\n\t\t\t\t\t\t\t<i aria-hidden=\"true\" class=\"fas fa-check-circle\"><\/i>\t\t\t\t\t\t<\/span>\n\t\t\t\t\t\t\t\t\t\t<span class=\"elementor-icon-list-text\">Englischsprachiger privater lokaler Reiseleiter <\/span>\n\t\t\t\t\t\t\t\t\t<\/li>\n\t\t\t\t\t\t\t\t<li class=\"elementor-icon-list-item\">\n\t\t\t\t\t\t\t\t\t\t\t<span class=\"elementor-icon-list-icon\">\n\t\t\t\t\t\t\t<i aria-hidden=\"true\" class=\"fas fa-check-circle\"><\/i>\t\t\t\t\t\t<\/span>\n\t\t\t\t\t\t\t\t\t\t<span class=\"elementor-icon-list-text\">Eintrittsgeb\u00fchren<\/span>\n\t\t\t\t\t\t\t\t\t<\/li>\n\t\t\t\t\t\t\t\t<li class=\"elementor-icon-list-item\">\n\t\t\t\t\t\t\t\t\t\t\t<span class=\"elementor-icon-list-icon\">\n\t\t\t\t\t\t\t<i aria-hidden=\"true\" class=\"fas fa-check-circle\"><\/i>\t\t\t\t\t\t<\/span>\n\t\t\t\t\t\t\t\t\t\t<span class=\"elementor-icon-list-text\">Transfers in klimatisiertem PKW<\/span>\n\t\t\t\t\t\t\t\t\t<\/li>\n\t\t\t\t\t\t<\/ul>\n\t\t\t\t\t\t<\/div>\n\t\t\t\t<\/div>\n\t\t\t\t<div class=\"elementor-element elementor-element-55ce49a elementor-widget elementor-widget-text-editor\" data-id=\"55ce49a\" data-element_type=\"widget\" data-e-type=\"widget\" data-widget_type=\"text-editor.default\">\n\t\t\t\t<div class=\"elementor-widget-container\">\n\t\t\t\t\t\t\t\t\t<p>Mahlzeiten, Getr\u00e4nke, Trinkgelder sind<strong> nicht inkludiert.\u00a0<\/strong><\/p>\t\t\t\t\t\t\t\t<\/div>\n\t\t\t\t<\/div>\n\t\t\t\t<div class=\"elementor-element elementor-element-2e47541 elementor-align-left inline_button red elementor-widget__width-auto elementor-widget elementor-widget-button\" data-id=\"2e47541\" data-element_type=\"widget\" data-e-type=\"widget\" data-widget_type=\"button.default\">\n\t\t\t\t<div class=\"elementor-widget-container\">\n\t\t\t\t\t\t\t\t\t<div class=\"elementor-button-wrapper\">\n\t\t\t\t\t<a class=\"elementor-button elementor-button-link elementor-size-xs elementor-animation-grow\" href=\"#\">\n\t\t\t\t\t\t<span class=\"elementor-button-content-wrapper\">\n\t\t\t\t\t\t<span class=\"elementor-button-icon\">\n\t\t\t\t<i aria-hidden=\"true\" class=\"fal fa-calendar-alt\"><\/i>\t\t\t<\/span>\n\t\t\t\t\t\t\t\t\t<span class=\"elementor-button-text\">Termine<\/span>\n\t\t\t\t\t<\/span>\n\t\t\t\t\t<\/a>\n\t\t\t\t<\/div>\n\t\t\t\t\t\t\t\t<\/div>\n\t\t\t\t<\/div>\n\t\t\t\t<div class=\"elementor-element elementor-element-a6efb36 elementor-align-left elementor-widget__width-auto inline_button red elementor-widget elementor-widget-button\" data-id=\"a6efb36\" data-element_type=\"widget\" data-e-type=\"widget\" data-widget_type=\"button.default\">\n\t\t\t\t<div class=\"elementor-widget-container\">\n\t\t\t\t\t\t\t\t\t<div class=\"elementor-button-wrapper\">\n\t\t\t\t\t<a class=\"elementor-button elementor-button-link elementor-size-xs elementor-animation-grow\" href=\"https:\/\/www.mekongeyes.com\/de\/touren\/\">\n\t\t\t\t\t\t<span class=\"elementor-button-content-wrapper\">\n\t\t\t\t\t\t<span class=\"elementor-button-icon\">\n\t\t\t\t<i aria-hidden=\"true\" class=\"fas fa-map-signs\"><\/i>\t\t\t<\/span>\n\t\t\t\t\t\t\t\t\t<span class=\"elementor-button-text\">Zur\u00fcck zur Touren\u00fcbersicht<\/span>\n\t\t\t\t\t<\/span>\n\t\t\t\t\t<\/a>\n\t\t\t\t<\/div>\n\t\t\t\t\t\t\t\t<\/div>\n\t\t\t\t<\/div>\n\t\t\t\t\t<\/div>\n\t\t<\/div>\n\t\t\t\t<div class=\"elementor-column elementor-col-50 elementor-inner-column elementor-element elementor-element-28545a4\" data-id=\"28545a4\" data-element_type=\"column\" data-e-type=\"column\" data-settings=\"{&quot;background_background&quot;:&quot;gradient&quot;}\">\n\t\t\t<div class=\"elementor-widget-wrap elementor-element-populated\">\n\t\t\t\t\t\t<div class=\"elementor-element elementor-element-d454ea4 elementor-widget elementor-widget-text-editor\" data-id=\"d454ea4\" data-element_type=\"widget\" data-e-type=\"widget\" data-widget_type=\"text-editor.default\">\n\t\t\t\t<div class=\"elementor-widget-container\">\n\t\t\t\t\t\t\t\t\t<h2 style=\"padding: 0; margin: 0;\">Preise auf Anfrage<\/h2><p>\u00a0<\/p>\t\t\t\t\t\t\t\t<\/div>\n\t\t\t\t<\/div>\n\t\t\t\t<div class=\"elementor-element elementor-element-242c8df elementor-align-center elementor-tablet-align-center elementor-mobile-align-center elementor-widget__width-inherit elementor-widget elementor-widget-button\" data-id=\"242c8df\" data-element_type=\"widget\" data-e-type=\"widget\" data-widget_type=\"button.default\">\n\t\t\t\t<div class=\"elementor-widget-container\">\n\t\t\t\t\t\t\t\t\t<div class=\"elementor-button-wrapper\">\n\t\t\t\t\t<a class=\"elementor-button elementor-button-link elementor-size-md elementor-animation-grow\" href=\"#\">\n\t\t\t\t\t\t<span class=\"elementor-button-content-wrapper\">\n\t\t\t\t\t\t<span class=\"elementor-button-icon\">\n\t\t\t\t<i aria-hidden=\"true\" class=\"fal fa-calendar-alt\"><\/i>\t\t\t<\/span>\n\t\t\t\t\t\t\t\t\t<span class=\"elementor-button-text\">Termine<\/span>\n\t\t\t\t\t<\/span>\n\t\t\t\t\t<\/a>\n\t\t\t\t<\/div>\n\t\t\t\t\t\t\t\t<\/div>\n\t\t\t\t<\/div>\n\t\t\t\t<div class=\"elementor-element elementor-element-7c1e2dd elementor-hidden-phone elementor-widget elementor-widget-spacer\" data-id=\"7c1e2dd\" data-element_type=\"widget\" data-e-type=\"widget\" data-widget_type=\"spacer.default\">\n\t\t\t\t<div class=\"elementor-widget-container\">\n\t\t\t\t\t\t\t<div class=\"elementor-spacer\">\n\t\t\t<div class=\"elementor-spacer-inner\"><\/div>\n\t\t<\/div>\n\t\t\t\t\t\t<\/div>\n\t\t\t\t<\/div>\n\t\t\t\t<div class=\"elementor-element elementor-element-54b255d elementor-hidden-phone elementor-widget elementor-widget-text-editor\" data-id=\"54b255d\" data-element_type=\"widget\" data-e-type=\"widget\" data-widget_type=\"text-editor.default\">\n\t\t\t\t<div class=\"elementor-widget-container\">\n\t\t\t\t\t\t\t\t\t<h3>Haben Sie noch Fragen?<\/h3><p>Melden Sie sich doch, wir helfen gerne weiter!\u00a0<\/p><p>Telefon (Englisch):<br \/><a href=\"tel:+84933360786\">+84 (0)270 \u00a03753 586<\/a><\/p><p>oder senden Sie uns eine Mail \u00a0<br \/><a href=\"mail&#116;&#111;&#58;&#105;&#110;&#x66;&#x6f;&#x40;&#x6d;&#x65;&#x6b;&#x6f;ngey&#101;&#115;&#46;&#99;&#111;&#x6d;\">&#105;&#x6e;&#x66;&#111;&#x40;&#x6d;&#101;&#x6b;&#x6f;&#110;&#x67;\u00ad&#x65;&#x79;&#101;&#x73;&#x2e;&#99;&#x6f;&#x6d;<\/a><\/p><p>\u00a0<\/p>\t\t\t\t\t\t\t\t<\/div>\n\t\t\t\t<\/div>\n\t\t\t\t\t<\/div>\n\t\t<\/div>\n\t\t\t\t\t<\/div>\n\t\t<\/section>\n\t\t\t\t\t<\/div>\n\t\t<\/div>\n\t\t\t\t\t<\/div>\n\t\t<\/section>\n\t\t\t\t<\/div>\n\t\t","protected":false},"excerpt":{"rendered":"<p>Wir unterst\u00fctzen Sie gerne bei der Organisation Ihres Aufenthaltes in Phnom Penh \u2013 ob Hotel oder Stadtf\u00fchrungen Hotels in Phnom Penh In Phnom Penh gibt es eine gro\u00dfartige Auswahl an hervorragenden Hotels. Gerne beraten und unterst\u00fctzen Sie bei der Buchung Ihres Hotels in Phnom Penh.&nbsp; Einige Beispiele f\u00fcr Tages oder Halbtagestouren in Phnom Penh, die &#8230; <a title=\"Phnom Penh St\u00e4dtetouren und Hotels \u00a0\" class=\"read-more\" href=\"https:\/\/www.mekongeyes.com\/de\/touren\/private-touren\/phnom-penh-verlaengerung-hotel-und-staedtetour\/\" aria-label=\"Mehr Informationen \u00fcber Phnom Penh St\u00e4dtetouren und Hotels \u00a0\">Weiterlesen<\/a><\/p>\n","protected":false},"author":1,"featured_media":0,"parent":1937,"menu_order":8,"comment_status":"closed","ping_status":"closed","template":"","meta":{"_acf_changed":false,"footnotes":""},"class_list":["post-3970","page","type-page","status-publish"],"acf":[],"_links":{"self":[{"href":"https:\/\/www.mekongeyes.com\/de\/wp-json\/wp\/v2\/pages\/3970","targetHints":{"allow":["GET"]}}],"collection":[{"href":"https:\/\/www.mekongeyes.com\/de\/wp-json\/wp\/v2\/pages"}],"about":[{"href":"https:\/\/www.mekongeyes.com\/de\/wp-json\/wp\/v2\/types\/page"}],"author":[{"embeddable":true,"href":"https:\/\/www.mekongeyes.com\/de\/wp-json\/wp\/v2\/users\/1"}],"replies":[{"embeddable":true,"href":"https:\/\/www.mekongeyes.com\/de\/wp-json\/wp\/v2\/comments?post=3970"}],"version-history":[{"count":26,"href":"https:\/\/www.mekongeyes.com\/de\/wp-json\/wp\/v2\/pages\/3970\/revisions"}],"predecessor-version":[{"id":4656,"href":"https:\/\/www.mekongeyes.com\/de\/wp-json\/wp\/v2\/pages\/3970\/revisions\/4656"}],"up":[{"embeddable":true,"href":"https:\/\/www.mekongeyes.com\/de\/wp-json\/wp\/v2\/pages\/1937"}],"wp:attachment":[{"href":"https:\/\/www.mekongeyes.com\/de\/wp-json\/wp\/v2\/media?parent=3970"}],"curies":[{"name":"wp","href":"https:\/\/api.w.org\/{rel}","templated":true}]}}